{"id":107,"date":"2023-11-22T17:00:02","date_gmt":"2023-11-22T17:00:02","guid":{"rendered":"https:\/\/consult2030.pt\/?page_id=107"},"modified":"2024-04-30T07:57:13","modified_gmt":"2024-04-30T07:57:13","slug":"portugal2030","status":"publish","type":"page","link":"https:\/\/consult2030.pt\/index.php\/candidaturas\/portugal2030\/","title":{"rendered":"Portugal2030"},"content":{"rendered":"\n<p>O Portugal 2030 corresponde ao Acordo de Parceria adotado entre Portugal e a Comiss\u00e3o Europeia, que fixa os grandes objetivos estrat\u00e9gicos para aplica\u00e7\u00e3o, entre 2021 e 2027.<\/p>\n\n\n\n<p>A sua programa\u00e7\u00e3o \u00e9 feita em torno de cinco objetivos estrat\u00e9gicos (OP) e um objetivo espec\u00edfico:<\/p>\n\n\n\n<ul class=\"wp-block-list\">\n<li>Portugal + Inteligente;<\/li>\n\n\n\n<li>Portugal + Verde;<\/li>\n\n\n\n<li>Portugal + Conectado;<\/li>\n\n\n\n<li>Portugal + Social;<\/li>\n\n\n\n<li>Portugal + Pr\u00f3ximo dos cidad\u00e3os;<\/li>\n\n\n\n<li>Portugal + Transi\u00e7\u00e3o justa.<\/li>\n<\/ul>\n","protected":false},"excerpt":{"rendered":"<p>O Portugal 2030 corresponde ao Acordo de Parceria adotado entre Portugal e a Comiss\u00e3o Europeia, que fixa os grandes objetivos estrat\u00e9gicos para aplica\u00e7\u00e3o, entre 2021 e 2027. A sua programa\u00e7\u00e3o \u00e9 feita em torno de cinco objetivos estrat\u00e9gicos (OP) e um objetivo espec\u00edfico:<\/p>\n","protected":false},"author":1,"featured_media":0,"parent":105,"menu_order":0,"comment_status":"closed","ping_status":"closed","template":"","meta":{"footnotes":""},"class_list":["post-107","page","type-page","status-publish","hentry"],"_links":{"self":[{"href":"https:\/\/consult2030.pt\/index.php\/wp-json\/wp\/v2\/pages\/107","targetHints":{"allow":["GET"]}}],"collection":[{"href":"https:\/\/consult2030.pt\/index.php\/wp-json\/wp\/v2\/pages"}],"about":[{"href":"https:\/\/consult2030.pt\/index.php\/wp-json\/wp\/v2\/types\/page"}],"author":[{"embeddable":true,"href":"https:\/\/consult2030.pt\/index.php\/wp-json\/wp\/v2\/users\/1"}],"replies":[{"embeddable":true,"href":"https:\/\/consult2030.pt\/index.php\/wp-json\/wp\/v2\/comments?post=107"}],"version-history":[{"count":2,"href":"https:\/\/consult2030.pt\/index.php\/wp-json\/wp\/v2\/pages\/107\/revisions"}],"predecessor-version":[{"id":141,"href":"https:\/\/consult2030.pt\/index.php\/wp-json\/wp\/v2\/pages\/107\/revisions\/141"}],"up":[{"embeddable":true,"href":"https:\/\/consult2030.pt\/index.php\/wp-json\/wp\/v2\/pages\/105"}],"wp:attachment":[{"href":"https:\/\/consult2030.pt\/index.php\/wp-json\/wp\/v2\/media?parent=107"}],"curies":[{"name":"wp","href":"https:\/\/api.w.org\/{rel}","templated":true}]}}