{"id":109,"date":"2023-11-22T17:18:59","date_gmt":"2023-11-22T17:18:59","guid":{"rendered":"https:\/\/consult2030.pt\/?page_id=109"},"modified":"2024-04-30T07:57:58","modified_gmt":"2024-04-30T07:57:58","slug":"fundo-ambiental","status":"publish","type":"page","link":"https:\/\/consult2030.pt\/index.php\/candidaturas\/fundo-ambiental\/","title":{"rendered":"Fundo Ambiental"},"content":{"rendered":"\n<p>O Fundo Ambiental tem por finalidade apoiar pol\u00edticas ambientais e de a\u00e7\u00e3o clim\u00e1tica para a prossecu\u00e7\u00e3o dos objetivos do desenvolvimento sustent\u00e1vel, contribuindo para o cumprimento dos objetivos e compromissos nacionais e internacionais, designadamente os relativos \u00e0s altera\u00e7\u00f5es clim\u00e1ticas, \u00e0s energias de fontes renov\u00e1veis e \u00e0 efici\u00eancia energ\u00e9tica, aos recursos h\u00eddricos, aos res\u00edduos, \u00e0 conserva\u00e7\u00e3o da natureza e biodiversidade, ao bem-estar dos animais de companhia, \u00e0 floresta e gest\u00e3o florestal, ao ordenamento e gest\u00e3o da paisagem.<\/p>\n","protected":false},"excerpt":{"rendered":"<p>O Fundo Ambiental tem por finalidade apoiar pol\u00edticas ambientais e de a\u00e7\u00e3o clim\u00e1tica para a prossecu\u00e7\u00e3o dos objetivos do desenvolvimento sustent\u00e1vel, contribuindo para o cumprimento dos objetivos e compromissos nacionais e internacionais, designadamente os relativos \u00e0s altera\u00e7\u00f5es clim\u00e1ticas, \u00e0s energias de fontes renov\u00e1veis e \u00e0 efici\u00eancia energ\u00e9tica, aos recursos h\u00eddricos, aos res\u00edduos, \u00e0 conserva\u00e7\u00e3o da [&hellip;]<\/p>\n","protected":false},"author":1,"featured_media":0,"parent":105,"menu_order":0,"comment_status":"closed","ping_status":"closed","template":"","meta":{"footnotes":""},"class_list":["post-109","page","type-page","status-publish","hentry"],"_links":{"self":[{"href":"https:\/\/consult2030.pt\/index.php\/wp-json\/wp\/v2\/pages\/109","targetHints":{"allow":["GET"]}}],"collection":[{"href":"https:\/\/consult2030.pt\/index.php\/wp-json\/wp\/v2\/pages"}],"about":[{"href":"https:\/\/consult2030.pt\/index.php\/wp-json\/wp\/v2\/types\/page"}],"author":[{"embeddable":true,"href":"https:\/\/consult2030.pt\/index.php\/wp-json\/wp\/v2\/users\/1"}],"replies":[{"embeddable":true,"href":"https:\/\/consult2030.pt\/index.php\/wp-json\/wp\/v2\/comments?post=109"}],"version-history":[{"count":2,"href":"https:\/\/consult2030.pt\/index.php\/wp-json\/wp\/v2\/pages\/109\/revisions"}],"predecessor-version":[{"id":143,"href":"https:\/\/consult2030.pt\/index.php\/wp-json\/wp\/v2\/pages\/109\/revisions\/143"}],"up":[{"embeddable":true,"href":"https:\/\/consult2030.pt\/index.php\/wp-json\/wp\/v2\/pages\/105"}],"wp:attachment":[{"href":"https:\/\/consult2030.pt\/index.php\/wp-json\/wp\/v2\/media?parent=109"}],"curies":[{"name":"wp","href":"https:\/\/api.w.org\/{rel}","templated":true}]}}