{"id":111,"date":"2023-11-22T17:19:26","date_gmt":"2023-11-22T17:19:26","guid":{"rendered":"https:\/\/consult2030.pt\/?page_id=111"},"modified":"2024-04-30T07:56:47","modified_gmt":"2024-04-30T07:56:47","slug":"prr","status":"publish","type":"page","link":"https:\/\/consult2030.pt\/index.php\/candidaturas\/prr\/","title":{"rendered":"PRR"},"content":{"rendered":"\n<p>O Programa de Recupera\u00e7\u00e3o e Resili\u00eancia (PRR) \u00e9 um programa de aplica\u00e7\u00e3o nacional, com um per\u00edodo de execu\u00e7\u00e3o at\u00e9 2026, que visa implementar um conjunto de reformas e investimentos que procuram que o pa\u00eds aumente a competitividade da economia e a sua resili\u00eancia.<\/p>\n\n\n\n<p>Este Programa est\u00e1 alinhado com os 6 pilares relevantes da estrat\u00e9gia europeia 2030:<\/p>\n\n\n\n<ul class=\"wp-block-list\">\n<li>Transi\u00e7\u00e3o verde;<\/li>\n\n\n\n<li>Transforma\u00e7\u00e3o digital;<\/li>\n\n\n\n<li>Crescimento inteligente, sustent\u00e1vel e inclusivo, incluindo coes\u00e3o econ\u00f3mica, emprego, produtividade, competitividade, investiga\u00e7\u00e3o, desenvolvimento e inova\u00e7\u00e3o, bem como um Mercado \u00danico em bom funcionamento com pequenas e m\u00e9dias empresas (PME) fortes;<\/li>\n\n\n\n<li>Coes\u00e3o social e territorial;<\/li>\n\n\n\n<li>Sa\u00fade e resili\u00eancia econ\u00f3mica, social e institucional, inclusive com vista ao aumento da capacidade de rea\u00e7\u00e3o e prepara\u00e7\u00e3o para crises;<\/li>\n\n\n\n<li>Pol\u00edticas para a pr\u00f3xima gera\u00e7\u00e3o, crian\u00e7as e jovens, incluindo educa\u00e7\u00e3o e compet\u00eancias.<\/li>\n<\/ul>\n","protected":false},"excerpt":{"rendered":"<p>O Programa de Recupera\u00e7\u00e3o e Resili\u00eancia (PRR) \u00e9 um programa de aplica\u00e7\u00e3o nacional, com um per\u00edodo de execu\u00e7\u00e3o at\u00e9 2026, que visa implementar um conjunto de reformas e investimentos que procuram que o pa\u00eds aumente a competitividade da economia e a sua resili\u00eancia. Este Programa est\u00e1 alinhado com os 6 pilares relevantes da estrat\u00e9gia europeia [&hellip;]<\/p>\n","protected":false},"author":1,"featured_media":0,"parent":105,"menu_order":0,"comment_status":"closed","ping_status":"closed","template":"","meta":{"footnotes":""},"class_list":["post-111","page","type-page","status-publish","hentry"],"_links":{"self":[{"href":"https:\/\/consult2030.pt\/index.php\/wp-json\/wp\/v2\/pages\/111","targetHints":{"allow":["GET"]}}],"collection":[{"href":"https:\/\/consult2030.pt\/index.php\/wp-json\/wp\/v2\/pages"}],"about":[{"href":"https:\/\/consult2030.pt\/index.php\/wp-json\/wp\/v2\/types\/page"}],"author":[{"embeddable":true,"href":"https:\/\/consult2030.pt\/index.php\/wp-json\/wp\/v2\/users\/1"}],"replies":[{"embeddable":true,"href":"https:\/\/consult2030.pt\/index.php\/wp-json\/wp\/v2\/comments?post=111"}],"version-history":[{"count":2,"href":"https:\/\/consult2030.pt\/index.php\/wp-json\/wp\/v2\/pages\/111\/revisions"}],"predecessor-version":[{"id":140,"href":"https:\/\/consult2030.pt\/index.php\/wp-json\/wp\/v2\/pages\/111\/revisions\/140"}],"up":[{"embeddable":true,"href":"https:\/\/consult2030.pt\/index.php\/wp-json\/wp\/v2\/pages\/105"}],"wp:attachment":[{"href":"https:\/\/consult2030.pt\/index.php\/wp-json\/wp\/v2\/media?parent=111"}],"curies":[{"name":"wp","href":"https:\/\/api.w.org\/{rel}","templated":true}]}}