{"id":116,"date":"2023-11-22T17:30:25","date_gmt":"2023-11-22T17:30:25","guid":{"rendered":"https:\/\/consult2030.pt\/?page_id=116"},"modified":"2024-04-30T07:57:34","modified_gmt":"2024-04-30T07:57:34","slug":"pdr2020","status":"publish","type":"page","link":"https:\/\/consult2030.pt\/index.php\/candidaturas\/pdr2020\/","title":{"rendered":"PDR2020"},"content":{"rendered":"\n<p>O PDR 2020 \u00e9 o instrumento financeiro, que atrav\u00e9s do FEADER, apoia o setor agroflorestal e o desenvolvimento rural no Continente, complementando os restantes instrumentos da pol\u00edtica agr\u00edcola comum (PAC), da pol\u00edtica de coes\u00e3o e da pol\u00edtica comum de pescas, enquadrados no Portugal 2020.<\/p>\n","protected":false},"excerpt":{"rendered":"<p>O PDR 2020 \u00e9 o instrumento financeiro, que atrav\u00e9s do FEADER, apoia o setor agroflorestal e o desenvolvimento rural no Continente, complementando os restantes instrumentos da pol\u00edtica agr\u00edcola comum (PAC), da pol\u00edtica de coes\u00e3o e da pol\u00edtica comum de pescas, enquadrados no Portugal 2020.<\/p>\n","protected":false},"author":1,"featured_media":0,"parent":105,"menu_order":0,"comment_status":"closed","ping_status":"closed","template":"","meta":{"footnotes":""},"class_list":["post-116","page","type-page","status-publish","hentry"],"_links":{"self":[{"href":"https:\/\/consult2030.pt\/index.php\/wp-json\/wp\/v2\/pages\/116","targetHints":{"allow":["GET"]}}],"collection":[{"href":"https:\/\/consult2030.pt\/index.php\/wp-json\/wp\/v2\/pages"}],"about":[{"href":"https:\/\/consult2030.pt\/index.php\/wp-json\/wp\/v2\/types\/page"}],"author":[{"embeddable":true,"href":"https:\/\/consult2030.pt\/index.php\/wp-json\/wp\/v2\/users\/1"}],"replies":[{"embeddable":true,"href":"https:\/\/consult2030.pt\/index.php\/wp-json\/wp\/v2\/comments?post=116"}],"version-history":[{"count":2,"href":"https:\/\/consult2030.pt\/index.php\/wp-json\/wp\/v2\/pages\/116\/revisions"}],"predecessor-version":[{"id":142,"href":"https:\/\/consult2030.pt\/index.php\/wp-json\/wp\/v2\/pages\/116\/revisions\/142"}],"up":[{"embeddable":true,"href":"https:\/\/consult2030.pt\/index.php\/wp-json\/wp\/v2\/pages\/105"}],"wp:attachment":[{"href":"https:\/\/consult2030.pt\/index.php\/wp-json\/wp\/v2\/media?parent=116"}],"curies":[{"name":"wp","href":"https:\/\/api.w.org\/{rel}","templated":true}]}}