{"id":118,"date":"2023-11-22T17:31:13","date_gmt":"2023-11-22T17:31:13","guid":{"rendered":"https:\/\/consult2030.pt\/?page_id=118"},"modified":"2024-04-30T07:58:42","modified_gmt":"2024-04-30T07:58:42","slug":"iefp","status":"publish","type":"page","link":"https:\/\/consult2030.pt\/index.php\/candidaturas\/iefp\/","title":{"rendered":"IEFP"},"content":{"rendered":"\n<p>O Instituto de Emprego e Forma\u00e7\u00e3o Profissional (IEFP) promove regularmente diversos tipos de apoios e incentivos a:<\/p>\n\n\n\n<p>Emprego \u2013 Contrata\u00e7\u00e3o e cria\u00e7\u00e3o do pr\u00f3prio emprego;<\/p>\n\n\n\n<p>Forma\u00e7\u00e3o;<\/p>\n\n\n\n<p>Est\u00e1gios;<\/p>\n\n\n\n<p>Outros Apoios \u2013 CEI, CEI+, \u2026<\/p>\n","protected":false},"excerpt":{"rendered":"<p>O Instituto de Emprego e Forma\u00e7\u00e3o Profissional (IEFP) promove regularmente diversos tipos de apoios e incentivos a: Emprego \u2013 Contrata\u00e7\u00e3o e cria\u00e7\u00e3o do pr\u00f3prio emprego; Forma\u00e7\u00e3o; Est\u00e1gios; Outros Apoios \u2013 CEI, CEI+, \u2026<\/p>\n","protected":false},"author":1,"featured_media":0,"parent":105,"menu_order":0,"comment_status":"closed","ping_status":"closed","template":"","meta":{"footnotes":""},"class_list":["post-118","page","type-page","status-publish","hentry"],"_links":{"self":[{"href":"https:\/\/consult2030.pt\/index.php\/wp-json\/wp\/v2\/pages\/118","targetHints":{"allow":["GET"]}}],"collection":[{"href":"https:\/\/consult2030.pt\/index.php\/wp-json\/wp\/v2\/pages"}],"about":[{"href":"https:\/\/consult2030.pt\/index.php\/wp-json\/wp\/v2\/types\/page"}],"author":[{"embeddable":true,"href":"https:\/\/consult2030.pt\/index.php\/wp-json\/wp\/v2\/users\/1"}],"replies":[{"embeddable":true,"href":"https:\/\/consult2030.pt\/index.php\/wp-json\/wp\/v2\/comments?post=118"}],"version-history":[{"count":2,"href":"https:\/\/consult2030.pt\/index.php\/wp-json\/wp\/v2\/pages\/118\/revisions"}],"predecessor-version":[{"id":145,"href":"https:\/\/consult2030.pt\/index.php\/wp-json\/wp\/v2\/pages\/118\/revisions\/145"}],"up":[{"embeddable":true,"href":"https:\/\/consult2030.pt\/index.php\/wp-json\/wp\/v2\/pages\/105"}],"wp:attachment":[{"href":"https:\/\/consult2030.pt\/index.php\/wp-json\/wp\/v2\/media?parent=118"}],"curies":[{"name":"wp","href":"https:\/\/api.w.org\/{rel}","templated":true}]}}