{"id":2,"date":"2023-08-29T16:02:53","date_gmt":"2023-08-29T16:02:53","guid":{"rendered":"https:\/\/consult2030.pt\/?page_id=2"},"modified":"2023-12-21T10:42:00","modified_gmt":"2023-12-21T10:42:00","slug":"inicio","status":"publish","type":"page","link":"https:\/\/consult2030.pt\/","title":{"rendered":""},"content":{"rendered":"\n<hr class=\"wp-block-separator has-alpha-channel-opacity\"\/>\n\n\n\n<p><\/p>\n\n\n\n<p><\/p>\n\n\n\n<div class=\"wp-block-media-text alignwide has-media-on-the-right is-stacked-on-mobile is-vertically-aligned-center has-background\" style=\"background-color:#f1f5c7\"><div class=\"wp-block-media-text__content\">\n<div class=\"wp-block-group is-layout-flow wp-block-group-is-layout-flow\" style=\"padding-top:2em;padding-right:2em;padding-bottom:2em;padding-left:2em\">\n<p style=\"font-size:clamp(22.041px, 1.378rem + ((1vw - 3.2px) * 1.586), 36px);line-height:1.2\">Fa\u00e7a crescer o seu neg\u00f3cio com as nossas solu\u00e7\u00f5es!<\/p>\n\n\n\n<p class=\"has-extra-small-font-size\">Consulturia estrat\u00e9gica<\/p>\n<\/div>\n<\/div><figure class=\"wp-block-media-text__media\"><img loading=\"lazy\" decoding=\"async\" width=\"1024\" height=\"576\" src=\"https:\/\/consult2030.pt\/wp-content\/uploads\/2023\/11\/grafico-de-barras-digital-crescente-com-sobreposicao-de-mao-de-empresario-1024x576.jpg\" alt=\"\" class=\"wp-image-99 size-full\" srcset=\"https:\/\/consult2030.pt\/wp-content\/uploads\/2023\/11\/grafico-de-barras-digital-crescente-com-sobreposicao-de-mao-de-empresario-1024x576.jpg 1024w, https:\/\/consult2030.pt\/wp-content\/uploads\/2023\/11\/grafico-de-barras-digital-crescente-com-sobreposicao-de-mao-de-empresario-300x169.jpg 300w, https:\/\/consult2030.pt\/wp-content\/uploads\/2023\/11\/grafico-de-barras-digital-crescente-com-sobreposicao-de-mao-de-empresario-768x432.jpg 768w, https:\/\/consult2030.pt\/wp-content\/uploads\/2023\/11\/grafico-de-barras-digital-crescente-com-sobreposicao-de-mao-de-empresario-1536x864.jpg 1536w, https:\/\/consult2030.pt\/wp-content\/uploads\/2023\/11\/grafico-de-barras-digital-crescente-com-sobreposicao-de-mao-de-empresario-2048x1153.jpg 2048w\" sizes=\"auto, (max-width: 1024px) 100vw, 1024px\" \/><\/figure><\/div>\n\n\n\n<div class=\"wp-block-media-text alignwide is-stacked-on-mobile is-vertically-aligned-center has-background\" style=\"background-color:#fffdea\"><figure class=\"wp-block-media-text__media\"><img loading=\"lazy\" decoding=\"async\" width=\"1024\" height=\"683\" src=\"https:\/\/consult2030.pt\/wp-content\/uploads\/2023\/11\/banner-da-rede-aprender-internet-light-1024x683.jpg\" alt=\"\" class=\"wp-image-97 size-full\" srcset=\"https:\/\/consult2030.pt\/wp-content\/uploads\/2023\/11\/banner-da-rede-aprender-internet-light-1024x683.jpg 1024w, https:\/\/consult2030.pt\/wp-content\/uploads\/2023\/11\/banner-da-rede-aprender-internet-light-300x200.jpg 300w, https:\/\/consult2030.pt\/wp-content\/uploads\/2023\/11\/banner-da-rede-aprender-internet-light-768x512.jpg 768w, https:\/\/consult2030.pt\/wp-content\/uploads\/2023\/11\/banner-da-rede-aprender-internet-light-1536x1024.jpg 1536w, https:\/\/consult2030.pt\/wp-content\/uploads\/2023\/11\/banner-da-rede-aprender-internet-light-2048x1365.jpg 2048w\" sizes=\"auto, (max-width: 1024px) 100vw, 1024px\" \/><\/figure><div class=\"wp-block-media-text__content\">\n<div class=\"wp-block-group is-layout-flow wp-block-group-is-layout-flow\" style=\"padding-top:2em;padding-right:2em;padding-bottom:2em;padding-left:2em\">\n<p style=\"font-size:clamp(22.041px, 1.378rem + ((1vw - 3.2px) * 1.586), 36px);line-height:1.2\">O nosso know how &#8211; A sua melhor solu\u00e7\u00e3o<\/p>\n\n\n\n<p class=\"has-extra-small-font-size\">Candidaturas a Fundos Europeus e Nacionais<\/p>\n<\/div>\n<\/div><\/div>\n\n\n\n<h3 class=\"wp-block-heading\">Quem somos<\/h3>\n\n\n\n<p>Com experi\u00eancia em fundos comunit\u00e1rios desde 1997, desenvolvemos consultoria estrat\u00e9gica no \u00e2mbito de projetos de investimento para candidaturas a Fundos Europeus e Nacionais.<\/p>\n\n\n\n<p>Prestamos apoio em processos de apoio \u00e0 cria\u00e7\u00e3o de emprego.<\/p>\n\n\n\n<p>Elaboramos todo o processo, desde o in\u00edcio da candidatura ao encerramento do projeto, garantindo um acompanhamento personalizado e especializado.<\/p>\n\n\n\n<p>Abrangemos diversos setores:<\/p>\n\n\n\n<p>&#8211; Setor P\u00fablico \u2013 Munic\u00edpios, Freguesias, \u2026;<\/p>\n\n\n\n<p>&#8211; Institui\u00e7\u00f5es Particulares de Solidariedade Social;<\/p>\n\n\n\n<p>&#8211; Empresas;<\/p>\n\n\n\n<p>&#8211; Setor Agr\u00edcola;<\/p>\n\n\n\n<p>&#8211; Empres\u00e1rios em nome individual;<\/p>\n\n\n\n<p>&#8211; Associa\u00e7\u00f5es.<\/p>\n\n\n\n<p>Avaliamos o seu investimento procurando a solu\u00e7\u00e3o adequada para o seu financiamento.<\/p>\n","protected":false},"excerpt":{"rendered":"<p>Quem somos Com experi\u00eancia em fundos comunit\u00e1rios desde 1997, desenvolvemos consultoria estrat\u00e9gica no \u00e2mbito de projetos de investimento para candidaturas a Fundos Europeus e Nacionais. Prestamos apoio em processos de apoio \u00e0 cria\u00e7\u00e3o de emprego. Elaboramos todo o processo, desde o in\u00edcio da candidatura ao encerramento do projeto, garantindo um acompanhamento personalizado e especializado. Abrangemos [&hellip;]<\/p>\n","protected":false},"author":1,"featured_media":0,"parent":0,"menu_order":5,"comment_status":"closed","ping_status":"closed","template":"","meta":{"footnotes":""},"class_list":["post-2","page","type-page","status-publish","hentry"],"_links":{"self":[{"href":"https:\/\/consult2030.pt\/index.php\/wp-json\/wp\/v2\/pages\/2","targetHints":{"allow":["GET"]}}],"collection":[{"href":"https:\/\/consult2030.pt\/index.php\/wp-json\/wp\/v2\/pages"}],"about":[{"href":"https:\/\/consult2030.pt\/index.php\/wp-json\/wp\/v2\/types\/page"}],"author":[{"embeddable":true,"href":"https:\/\/consult2030.pt\/index.php\/wp-json\/wp\/v2\/users\/1"}],"replies":[{"embeddable":true,"href":"https:\/\/consult2030.pt\/index.php\/wp-json\/wp\/v2\/comments?post=2"}],"version-history":[{"count":19,"href":"https:\/\/consult2030.pt\/index.php\/wp-json\/wp\/v2\/pages\/2\/revisions"}],"predecessor-version":[{"id":133,"href":"https:\/\/consult2030.pt\/index.php\/wp-json\/wp\/v2\/pages\/2\/revisions\/133"}],"wp:attachment":[{"href":"https:\/\/consult2030.pt\/index.php\/wp-json\/wp\/v2\/media?parent=2"}],"curies":[{"name":"wp","href":"https:\/\/api.w.org\/{rel}","templated":true}]}}