{"id":21,"date":"2023-08-29T17:03:12","date_gmt":"2023-08-29T17:03:12","guid":{"rendered":"https:\/\/consult2030.pt\/?page_id=21"},"modified":"2023-11-22T15:56:06","modified_gmt":"2023-11-22T15:56:06","slug":"o-que-fazemos","status":"publish","type":"page","link":"https:\/\/consult2030.pt\/index.php\/o-que-fazemos\/","title":{"rendered":"O que fazemos"},"content":{"rendered":"\n<figure class=\"wp-block-image size-large\"><img loading=\"lazy\" decoding=\"async\" width=\"1024\" height=\"606\" src=\"https:\/\/consult2030.pt\/wp-content\/uploads\/2023\/08\/man-593333_1280-1024x606.jpg\" alt=\"\" class=\"wp-image-57\" srcset=\"https:\/\/consult2030.pt\/wp-content\/uploads\/2023\/08\/man-593333_1280-1024x606.jpg 1024w, https:\/\/consult2030.pt\/wp-content\/uploads\/2023\/08\/man-593333_1280-300x177.jpg 300w, https:\/\/consult2030.pt\/wp-content\/uploads\/2023\/08\/man-593333_1280-768x454.jpg 768w, https:\/\/consult2030.pt\/wp-content\/uploads\/2023\/08\/man-593333_1280.jpg 1280w\" sizes=\"auto, (max-width: 1024px) 100vw, 1024px\" \/><\/figure>\n\n\n\n<p>Com experi\u00eancia em fundos comunit\u00e1rios desde 1997, desenvolvemos consultoria estrat\u00e9gica no \u00e2mbito de projetos de investimento para candidaturas a Fundos Europeus e Nacionais.<\/p>\n\n\n\n<p>Prestamos apoio em processos de apoio \u00e0 cria\u00e7\u00e3o de emprego.<\/p>\n\n\n\n<p>Elaboramos todo o processo, desde o in\u00edcio da candidatura ao encerramento do projeto, garantindo um acompanhamento personalizado e especializado.<\/p>\n\n\n\n<p>Abrangemos diversos setores:<\/p>\n\n\n\n<p>&#8211; Setor P\u00fablico \u2013 Munic\u00edpios, Freguesias, \u2026;<\/p>\n\n\n\n<p>&#8211; Institui\u00e7\u00f5es Particulares de Solidariedade Social;<\/p>\n\n\n\n<p>&#8211; Empresas;<\/p>\n\n\n\n<p>&#8211; Setor Agr\u00edcola;<\/p>\n\n\n\n<p>&#8211; Empres\u00e1rios em nome individual;<\/p>\n\n\n\n<p>&#8211; Associa\u00e7\u00f5es.<\/p>\n\n\n\n<p>Avaliamos o seu investimento procurando a solu\u00e7\u00e3o adequada para o seu financiamento.<\/p>\n","protected":false},"excerpt":{"rendered":"<p>Com experi\u00eancia em fundos comunit\u00e1rios desde 1997, desenvolvemos consultoria estrat\u00e9gica no \u00e2mbito de projetos de investimento para candidaturas a Fundos Europeus e Nacionais. Prestamos apoio em processos de apoio \u00e0 cria\u00e7\u00e3o de emprego. Elaboramos todo o processo, desde o in\u00edcio da candidatura ao encerramento do projeto, garantindo um acompanhamento personalizado e especializado. Abrangemos diversos setores: [&hellip;]<\/p>\n","protected":false},"author":1,"featured_media":0,"parent":0,"menu_order":1,"comment_status":"closed","ping_status":"closed","template":"","meta":{"footnotes":""},"class_list":["post-21","page","type-page","status-publish","hentry"],"_links":{"self":[{"href":"https:\/\/consult2030.pt\/index.php\/wp-json\/wp\/v2\/pages\/21","targetHints":{"allow":["GET"]}}],"collection":[{"href":"https:\/\/consult2030.pt\/index.php\/wp-json\/wp\/v2\/pages"}],"about":[{"href":"https:\/\/consult2030.pt\/index.php\/wp-json\/wp\/v2\/types\/page"}],"author":[{"embeddable":true,"href":"https:\/\/consult2030.pt\/index.php\/wp-json\/wp\/v2\/users\/1"}],"replies":[{"embeddable":true,"href":"https:\/\/consult2030.pt\/index.php\/wp-json\/wp\/v2\/comments?post=21"}],"version-history":[{"count":3,"href":"https:\/\/consult2030.pt\/index.php\/wp-json\/wp\/v2\/pages\/21\/revisions"}],"predecessor-version":[{"id":95,"href":"https:\/\/consult2030.pt\/index.php\/wp-json\/wp\/v2\/pages\/21\/revisions\/95"}],"wp:attachment":[{"href":"https:\/\/consult2030.pt\/index.php\/wp-json\/wp\/v2\/media?parent=21"}],"curies":[{"name":"wp","href":"https:\/\/api.w.org\/{rel}","templated":true}]}}