{"id":23,"date":"2023-08-30T10:51:55","date_gmt":"2023-08-30T10:51:55","guid":{"rendered":"https:\/\/consult2030.pt\/?page_id=23"},"modified":"2023-11-22T15:56:52","modified_gmt":"2023-11-22T15:56:52","slug":"servicos","status":"publish","type":"page","link":"https:\/\/consult2030.pt\/index.php\/servicos\/","title":{"rendered":"Servi\u00e7os"},"content":{"rendered":"\n<figure class=\"wp-block-image size-large\"><img loading=\"lazy\" decoding=\"async\" width=\"1024\" height=\"682\" src=\"https:\/\/consult2030.pt\/wp-content\/uploads\/2023\/08\/desk-593327_1280-1024x682.jpg\" alt=\"\" class=\"wp-image-58\" srcset=\"https:\/\/consult2030.pt\/wp-content\/uploads\/2023\/08\/desk-593327_1280-1024x682.jpg 1024w, https:\/\/consult2030.pt\/wp-content\/uploads\/2023\/08\/desk-593327_1280-300x200.jpg 300w, https:\/\/consult2030.pt\/wp-content\/uploads\/2023\/08\/desk-593327_1280-768x512.jpg 768w, https:\/\/consult2030.pt\/wp-content\/uploads\/2023\/08\/desk-593327_1280-930x620.jpg 930w, https:\/\/consult2030.pt\/wp-content\/uploads\/2023\/08\/desk-593327_1280.jpg 1280w\" sizes=\"auto, (max-width: 1024px) 100vw, 1024px\" \/><\/figure>\n\n\n\n<h2 class=\"wp-block-heading\">Apoio \u00e0 Cria\u00e7\u00e3o de Empregos<\/h2>\n\n\n\n<figure class=\"wp-block-image size-large\"><img loading=\"lazy\" decoding=\"async\" width=\"1024\" height=\"606\" src=\"https:\/\/consult2030.pt\/wp-content\/uploads\/2023\/08\/man-593333_1280-1024x606.jpg\" alt=\"\" class=\"wp-image-57\" srcset=\"https:\/\/consult2030.pt\/wp-content\/uploads\/2023\/08\/man-593333_1280-1024x606.jpg 1024w, https:\/\/consult2030.pt\/wp-content\/uploads\/2023\/08\/man-593333_1280-300x177.jpg 300w, https:\/\/consult2030.pt\/wp-content\/uploads\/2023\/08\/man-593333_1280-768x454.jpg 768w, https:\/\/consult2030.pt\/wp-content\/uploads\/2023\/08\/man-593333_1280.jpg 1280w\" sizes=\"auto, (max-width: 1024px) 100vw, 1024px\" \/><\/figure>\n\n\n\n<h2 class=\"wp-block-heading\">Estudos de Viabilidade Econ\u00f3mica e Financeira<\/h2>\n\n\n\n<figure class=\"wp-block-image size-large\"><img loading=\"lazy\" decoding=\"async\" width=\"1024\" height=\"617\" src=\"https:\/\/consult2030.pt\/wp-content\/uploads\/2023\/08\/job-5382501_1280-1024x617.jpg\" alt=\"\" class=\"wp-image-47\" srcset=\"https:\/\/consult2030.pt\/wp-content\/uploads\/2023\/08\/job-5382501_1280-1024x617.jpg 1024w, https:\/\/consult2030.pt\/wp-content\/uploads\/2023\/08\/job-5382501_1280-300x181.jpg 300w, https:\/\/consult2030.pt\/wp-content\/uploads\/2023\/08\/job-5382501_1280-768x463.jpg 768w, https:\/\/consult2030.pt\/wp-content\/uploads\/2023\/08\/job-5382501_1280.jpg 1280w\" sizes=\"auto, (max-width: 1024px) 100vw, 1024px\" \/><\/figure>\n\n\n\n<p><\/p>\n\n\n\n<h2 class=\"wp-block-heading\">Fundos de Apoio ao Investimento<\/h2>\n\n\n\n<p><\/p>\n","protected":false},"excerpt":{"rendered":"<p>Apoio \u00e0 Cria\u00e7\u00e3o de Empregos Estudos de Viabilidade Econ\u00f3mica e Financeira Fundos de Apoio ao Investimento<\/p>\n","protected":false},"author":1,"featured_media":0,"parent":0,"menu_order":2,"comment_status":"closed","ping_status":"closed","template":"","meta":{"footnotes":""},"class_list":["post-23","page","type-page","status-publish","hentry"],"_links":{"self":[{"href":"https:\/\/consult2030.pt\/index.php\/wp-json\/wp\/v2\/pages\/23","targetHints":{"allow":["GET"]}}],"collection":[{"href":"https:\/\/consult2030.pt\/index.php\/wp-json\/wp\/v2\/pages"}],"about":[{"href":"https:\/\/consult2030.pt\/index.php\/wp-json\/wp\/v2\/types\/page"}],"author":[{"embeddable":true,"href":"https:\/\/consult2030.pt\/index.php\/wp-json\/wp\/v2\/users\/1"}],"replies":[{"embeddable":true,"href":"https:\/\/consult2030.pt\/index.php\/wp-json\/wp\/v2\/comments?post=23"}],"version-history":[{"count":4,"href":"https:\/\/consult2030.pt\/index.php\/wp-json\/wp\/v2\/pages\/23\/revisions"}],"predecessor-version":[{"id":96,"href":"https:\/\/consult2030.pt\/index.php\/wp-json\/wp\/v2\/pages\/23\/revisions\/96"}],"wp:attachment":[{"href":"https:\/\/consult2030.pt\/index.php\/wp-json\/wp\/v2\/media?parent=23"}],"curies":[{"name":"wp","href":"https:\/\/api.w.org\/{rel}","templated":true}]}}