{"id":27,"date":"2023-08-30T11:13:33","date_gmt":"2023-08-30T11:13:33","guid":{"rendered":"https:\/\/consult2030.pt\/?page_id=27"},"modified":"2023-11-22T16:08:34","modified_gmt":"2023-11-22T16:08:34","slug":"apoio-a-criacao-de-emprego","status":"publish","type":"page","link":"https:\/\/consult2030.pt\/index.php\/servicos\/apoio-a-criacao-de-emprego\/","title":{"rendered":"Apoio \u00e0 Cria\u00e7\u00e3o de Emprego"},"content":{"rendered":"\n<figure class=\"wp-block-image size-large\"><img loading=\"lazy\" decoding=\"async\" width=\"1024\" height=\"683\" src=\"https:\/\/consult2030.pt\/wp-content\/uploads\/2023\/11\/banner-da-rede-aprender-internet-light-1024x683.jpg\" alt=\"\" class=\"wp-image-97\" srcset=\"https:\/\/consult2030.pt\/wp-content\/uploads\/2023\/11\/banner-da-rede-aprender-internet-light-1024x683.jpg 1024w, https:\/\/consult2030.pt\/wp-content\/uploads\/2023\/11\/banner-da-rede-aprender-internet-light-300x200.jpg 300w, https:\/\/consult2030.pt\/wp-content\/uploads\/2023\/11\/banner-da-rede-aprender-internet-light-768x512.jpg 768w, https:\/\/consult2030.pt\/wp-content\/uploads\/2023\/11\/banner-da-rede-aprender-internet-light-1536x1024.jpg 1536w, https:\/\/consult2030.pt\/wp-content\/uploads\/2023\/11\/banner-da-rede-aprender-internet-light-2048x1365.jpg 2048w\" sizes=\"auto, (max-width: 1024px) 100vw, 1024px\" \/><\/figure>\n\n\n\n<p>Apoio t\u00e9cnico para a cria\u00e7\u00e3o do pr\u00f3prio emprego ou de empresas, no \u00e2mbito de medidas e programas de apoio, elaborando todo o processo desde o plano de investimento, candidatura a apoios e consultoria e acompanhamento da execu\u00e7\u00e3o:<\/p>\n\n\n\n<p>&#8211; Apoio e desenvolvimento de candidaturas no \u00e2mbito de incentivos ao emprego do IEFP;<\/p>\n\n\n\n<p>&#8211; Prepara\u00e7\u00e3o de processos de acesso a linhas de financiamento banc\u00e1rios;<\/p>\n\n\n\n<p>&#8211; Desenvolvimento de projetos enquadrados em avisos de financiamento comunit\u00e1rio;<\/p>\n\n\n\n<p>&#8211; Apoio em candidaturas de incentivo \u00e0 cria\u00e7\u00e3o de emprego.<\/p>\n","protected":false},"excerpt":{"rendered":"<p>Apoio t\u00e9cnico para a cria\u00e7\u00e3o do pr\u00f3prio emprego ou de empresas, no \u00e2mbito de medidas e programas de apoio, elaborando todo o processo desde o plano de investimento, candidatura a apoios e consultoria e acompanhamento da execu\u00e7\u00e3o: &#8211; Apoio e desenvolvimento de candidaturas no \u00e2mbito de incentivos ao emprego do IEFP; &#8211; Prepara\u00e7\u00e3o de processos [&hellip;]<\/p>\n","protected":false},"author":1,"featured_media":0,"parent":23,"menu_order":0,"comment_status":"closed","ping_status":"closed","template":"","meta":{"footnotes":""},"class_list":["post-27","page","type-page","status-publish","hentry"],"_links":{"self":[{"href":"https:\/\/consult2030.pt\/index.php\/wp-json\/wp\/v2\/pages\/27","targetHints":{"allow":["GET"]}}],"collection":[{"href":"https:\/\/consult2030.pt\/index.php\/wp-json\/wp\/v2\/pages"}],"about":[{"href":"https:\/\/consult2030.pt\/index.php\/wp-json\/wp\/v2\/types\/page"}],"author":[{"embeddable":true,"href":"https:\/\/consult2030.pt\/index.php\/wp-json\/wp\/v2\/users\/1"}],"replies":[{"embeddable":true,"href":"https:\/\/consult2030.pt\/index.php\/wp-json\/wp\/v2\/comments?post=27"}],"version-history":[{"count":3,"href":"https:\/\/consult2030.pt\/index.php\/wp-json\/wp\/v2\/pages\/27\/revisions"}],"predecessor-version":[{"id":100,"href":"https:\/\/consult2030.pt\/index.php\/wp-json\/wp\/v2\/pages\/27\/revisions\/100"}],"up":[{"embeddable":true,"href":"https:\/\/consult2030.pt\/index.php\/wp-json\/wp\/v2\/pages\/23"}],"wp:attachment":[{"href":"https:\/\/consult2030.pt\/index.php\/wp-json\/wp\/v2\/media?parent=27"}],"curies":[{"name":"wp","href":"https:\/\/api.w.org\/{rel}","templated":true}]}}