{"id":3,"date":"2023-08-29T16:02:53","date_gmt":"2023-08-29T16:02:53","guid":{"rendered":"https:\/\/consult2030.pt\/?page_id=3"},"modified":"2024-04-04T08:32:52","modified_gmt":"2024-04-04T08:32:52","slug":"privacy-policy","status":"publish","type":"page","link":"https:\/\/consult2030.pt\/index.php\/privacy-policy\/","title":{"rendered":"TERMOS DE USO"},"content":{"rendered":"\n<p>Todos os servi\u00e7os prestados pela Consult2030 podem ser utilizados apenas para prop\u00f3sitos legais. Transmiss\u00e3o, armazenamento ou apresenta\u00e7\u00e3o de quaisquer informa\u00e7\u00f5es, dados ou material em qualquer pa\u00eds, estado ou cidade lei \u00e9 proibido. Isso inclui, mas n\u00e3o est\u00e1 limitado a: material protegido por direitos de autor, material que julgamos ser amea\u00e7ador ou obsceno, ou material protegido por segredo comercial e outro estatuto. O assinante concorda em indemnizar e defender a Consult2030 de quaisquer cr\u00e9ditos resultantes da utiliza\u00e7\u00e3o do servi\u00e7o que prejudica o assinante ou qualquer outra parte.<\/p>\n\n\n\n<h4 class=\"wp-block-heading\">PROIBI\u00c7\u00d5ES<\/h4>\n\n\n\n<p>Sites que promovam qualquer actividade ilegal ou apresentar conte\u00fado que pode ser prejudicial para os servidores da Consult2030, ou de qualquer outro servidor na Internet.<\/p>\n\n\n\n<h4 class=\"wp-block-heading\">ABUSO DE SERVIDOR<\/h4>\n\n\n\n<p>Qualquer tentativa de prejudicar ou causar danos a um servidor ou cliente da Consult2030 \u00e9 estritamente proibido. Como nosso cliente voc\u00ea \u00e9 respons\u00e1vel por todas as suas contas. Se voc\u00ea violar os Termos de Uso delineadas no interior, a sua conta ser\u00e1 cancelada sem possibilidade de restitui\u00e7\u00e3o.<\/p>\n\n\n\n<h4 class=\"wp-block-heading\">RECUSA DE SERVI\u00c7O<\/h4>\n\n\n\n<p>Reservamos o direito de recusar, cancelar ou suspender o servi\u00e7o, com o nosso crit\u00e9rio exclusivo.<\/p>\n\n\n\n<h4 class=\"wp-block-heading\">LIMITA\u00c7\u00c3O DE RESPONSABILIDADE<\/h4>\n\n\n\n<p>A Consult2030 n\u00e3o ser\u00e1 respons\u00e1vel por qualquer dano que podem surgir a partir do servidor da Consult2030. Al\u00e9m disso, a Consult2030 n\u00e3o ser\u00e1 respons\u00e1vel por qualquer alegado dano, incluindo danos incidentais ou consequentes, decorrentes da corrup\u00e7\u00e3o, ou a supress\u00e3o de qualquer site a partir do servidor do Consult2030.<\/p>\n\n\n\n<h4 class=\"wp-block-heading\">VIOLA\u00c7\u00c3O<\/h4>\n\n\n\n<p>Qualquer viola\u00e7\u00e3o de Utiliza\u00e7\u00e3o segundo estas pol\u00edticas devem ser referidas a tiago.nabais@consult2030.pt. Todas as den\u00fancias ser\u00e3o investigadas prontamente. A Consult2030 reserva o direito de alterar uma ou todas as pol\u00edticas, diretrizes acima referidas, sem notifica\u00e7\u00e3o. Tamb\u00e9m mant\u00e9m o direito de qualquer aumento de pre\u00e7os e fazer altera\u00e7\u00f5es nos nossos planos de conta sem aviso pr\u00e9vio.<\/p>\n\n\n\n<h4 class=\"wp-block-heading\">POL\u00cdTICA DE PRIVACIDADE<\/h4>\n\n\n\n<p>Politica de Privacidade<\/p>\n\n\n\n<p> \u00a9 2024 Consult2030 Todos os direitos reservados. <\/p>\n\n\n\n<p>O site da Consult2030 e todas as p\u00e1ginas associadas a esta, iniciadas por https:\/\/consult2030.pt, s\u00e3o geridas pela Empresa Gestora. Todo o conte\u00fado contido nestas p\u00e1ginas n\u00e3o pode ser reproduzido por quaisquer meios, eletr\u00f3nicos ou mec\u00e2nicos, ou por qualquer processo de armazenamento de informa\u00e7\u00e3o sem permiss\u00e3o da Empresa Gestora. Todos os elementos constituintes das p\u00e1ginas, nomeadamente os textos, imagens, ficheiros, design do site est\u00e3o protegidos pelas disposi\u00e7\u00f5es legais no \u00e2mbito de prote\u00e7\u00e3o de Direitos de Autor e n\u00e3o poder\u00e3o ser utilizados para fins comerciais sem autoriza\u00e7\u00e3o pr\u00e9via. O uso de qualquer tipo de informa\u00e7\u00e3o presente neste site ter\u00e1 que ser requerido a tiago.nabais@consult2030.pt, para que possa ser, ou n\u00e3o aprovada a sua utiliza\u00e7\u00e3o em outros elementos. Toda a informa\u00e7\u00e3o e dados utilizados no site foram previamente autorizados. Qualquer tipo de informa\u00e7\u00e3o enviada por formul\u00e1rio ou por e-mail para este site ser\u00e1 apenas utilizado para o web site e para mais nenhuma entidade comercial. Acreditamos que o site n\u00e3o contenha nenhum conte\u00fado capaz de danificar os diferentes sistemas que podem ser utilizados para o visualizar. Caso algum problema ocorra durante a sua visualiza\u00e7\u00e3o a responsabilidade \u00e9 \u00fanica e exclusivamente do visitante e a Empresa Gestora n\u00e3o ter\u00e1 encargos pelos danos e custos que poder\u00e1 ter. Toda a legisla\u00e7\u00e3o eventualmente disponibilizada neste site n\u00e3o dispensa a consulta do Di\u00e1rio da Rep\u00fablica, onde o diploma legal em quest\u00e3o tenha sido devidamente publicado. \u00c0 Empresa Gestora reserva-se o direito de proceder criminalmente contra os indiv\u00edduos ou organiza\u00e7\u00f5es cujas atua\u00e7\u00f5es possam prejudicar este web site. No momento da visita cada utilizador declara ter lido e aceite os Avisos Legais acima. Qualquer esclarecimento sobre problemas ou sobre a declara\u00e7\u00e3o de privacidade dever\u00e1 ser dirigido a tiago.nabais@consult2030.pt.<\/p>\n\n\n\n<h4 class=\"wp-block-heading\">POL\u00cdTICA DE COOKIES<\/h4>\n\n\n\n<h4 class=\"wp-block-heading\">A NOSSA POL\u00cdTICA DE COOKIES<\/h4>\n\n\n\n<p>Os cookies usados na Consult2030 s\u00e3o an\u00f3nimos, n\u00e3o sendo guardada neles qualquer informa\u00e7\u00e3o pessoal dos nossos utilizadores, nem outra informa\u00e7\u00e3o que os permita identificar pessoalmente. Os nossos cookies s\u00e3o usados para melhorar a experi\u00eancia dos nossos utilizadores e para nos permitir analisar a utiliza\u00e7\u00e3o do site de forma a otimizarmos as funcionalidades nele existente.<\/p>\n\n\n\n<h4 class=\"wp-block-heading\">QUE COOKIES S\u00c3O UTILIZADOS NAS P\u00c1GINAS DESTE SITE?<\/h4>\n\n\n\n<p>Na Consult2030 s\u00e3o utilizados: Cookies de sess\u00e3o &#8211; para registar prefer\u00eancias do utilizador como a l\u00edngua em que o site deve ser apresentado e para manter as sess\u00f5es de utilizadores autenticados. Os cookies deste tipo s\u00e3o automaticamente apagados quando o navegador \u00e9 fechado. Cookies persistentes &#8211; para guardar informa\u00e7\u00e3o necess\u00e1ria entre sess\u00f5es, por exemplo, \u00e9 guardado um cookie deste tipo para indicar que o utilizador tomou conhecimento da pol\u00edtica de cookies e para esconder a mensagem relativa a esta. Este tipo de cookies mant\u00e9m-se no computador at\u00e9 chegar a sua data de expira\u00e7\u00e3o ou ser apagado pelo utilizador. Este web site utiliza o servi\u00e7o Analytics, disponibilizado pelo Google, para melhorar seu o desempenho, registando informa\u00e7\u00e3o gen\u00e9rica dos acessos recebidos a partir de cookies an\u00f3nimos que s\u00e3o usados para este fim.<\/p>\n\n\n\n<p><\/p>\n","protected":false},"excerpt":{"rendered":"<p>Todos os servi\u00e7os prestados pela Consult2030 podem ser utilizados apenas para prop\u00f3sitos legais. Transmiss\u00e3o, armazenamento ou apresenta\u00e7\u00e3o de quaisquer informa\u00e7\u00f5es, dados ou material em qualquer pa\u00eds, estado ou cidade lei \u00e9 proibido. Isso inclui, mas n\u00e3o est\u00e1 limitado a: material protegido por direitos de autor, material que julgamos ser amea\u00e7ador ou obsceno, ou material protegido [&hellip;]<\/p>\n","protected":false},"author":1,"featured_media":0,"parent":0,"menu_order":10,"comment_status":"closed","ping_status":"closed","template":"","meta":{"footnotes":""},"class_list":["post-3","page","type-page","status-publish","hentry"],"_links":{"self":[{"href":"https:\/\/consult2030.pt\/index.php\/wp-json\/wp\/v2\/pages\/3","targetHints":{"allow":["GET"]}}],"collection":[{"href":"https:\/\/consult2030.pt\/index.php\/wp-json\/wp\/v2\/pages"}],"about":[{"href":"https:\/\/consult2030.pt\/index.php\/wp-json\/wp\/v2\/types\/page"}],"author":[{"embeddable":true,"href":"https:\/\/consult2030.pt\/index.php\/wp-json\/wp\/v2\/users\/1"}],"replies":[{"embeddable":true,"href":"https:\/\/consult2030.pt\/index.php\/wp-json\/wp\/v2\/comments?post=3"}],"version-history":[{"count":2,"href":"https:\/\/consult2030.pt\/index.php\/wp-json\/wp\/v2\/pages\/3\/revisions"}],"predecessor-version":[{"id":138,"href":"https:\/\/consult2030.pt\/index.php\/wp-json\/wp\/v2\/pages\/3\/revisions\/138"}],"wp:attachment":[{"href":"https:\/\/consult2030.pt\/index.php\/wp-json\/wp\/v2\/media?parent=3"}],"curies":[{"name":"wp","href":"https:\/\/api.w.org\/{rel}","templated":true}]}}